{"id":68,"date":"2014-11-09T16:35:53","date_gmt":"2014-11-09T14:35:53","guid":{"rendered":"http:\/\/www.pfadis.at\/wp\/?page_id=68"},"modified":"2016-05-26T21:42:19","modified_gmt":"2016-05-26T19:42:19","slug":"impressum","status":"publish","type":"page","link":"https:\/\/www.pfadis.at\/wp\/?page_id=68","title":{"rendered":"Kontakt &#038; Impressum"},"content":{"rendered":"<h2>Kontakt<\/h2>\n<p>Pfadfindergruppe Rohrbach-Berg<br \/>\nBerggasse 24<br \/>\n4150 Rohrbach-Berg<\/p>\n<h2>Impressum<\/h2>\n<p><strong>F\u00fcr den Inhalt der Website sind die Leiter und Elternr\u00e4te der Pfadfindergruppe Rohrbach-Berg verantwortlich.<\/strong><\/p>\n<p><strong>Rechtliche Hinweise:<\/strong><br \/>\nDer Inhalt dieser Website ist urheberrechtlich gesch\u00fctzt. Alle Rechte vorbehalten. Die Anwendung s\u00e4mtlicher Inhalte &#8211; auch auszugsweise &#8211; ist ohne schriftlicher, ausdr\u00fccklicher Genehmigung von der Pfadfindergruppe Rohrbach-Berg nicht gestattet.<\/p>\n","protected":false},"excerpt":{"rendered":"<p>Kontakt Pfadfindergruppe Rohrbach-Berg Berggasse 24 4150 Rohrbach-Berg Impressum F\u00fcr den Inhalt der Website sind die Leiter und Elternr\u00e4te der Pfadfindergruppe Rohrbach-Berg verantwortlich. Rechtliche Hinweise: Der Inhalt dieser Website ist urheberrechtlich gesch\u00fctzt. Alle Rechte vorbehalten. Die Anwendung s\u00e4mtlicher Inhalte &#8211; auch auszugsweise &#8211; ist ohne schriftlicher, ausdr\u00fccklicher Genehmigung von der Pfadfindergruppe Rohrbach-Berg nicht gestattet.<\/p>\n","protected":false},"author":1,"featured_media":0,"parent":0,"menu_order":0,"comment_status":"closed","ping_status":"closed","template":"","meta":{"footnotes":"","_links_to":"","_links_to_target":""},"class_list":["post-68","page","type-page","status-publish","hentry"],"_links":{"self":[{"href":"https:\/\/www.pfadis.at\/wp\/index.php?rest_route=\/wp\/v2\/pages\/68","targetHints":{"allow":["GET"]}}],"collection":[{"href":"https:\/\/www.pfadis.at\/wp\/index.php?rest_route=\/wp\/v2\/pages"}],"about":[{"href":"https:\/\/www.pfadis.at\/wp\/index.php?rest_route=\/wp\/v2\/types\/page"}],"author":[{"embeddable":true,"href":"https:\/\/www.pfadis.at\/wp\/index.php?rest_route=\/wp\/v2\/users\/1"}],"replies":[{"embeddable":true,"href":"https:\/\/www.pfadis.at\/wp\/index.php?rest_route=%2Fwp%2Fv2%2Fcomments&post=68"}],"version-history":[{"count":5,"href":"https:\/\/www.pfadis.at\/wp\/index.php?rest_route=\/wp\/v2\/pages\/68\/revisions"}],"predecessor-version":[{"id":695,"href":"https:\/\/www.pfadis.at\/wp\/index.php?rest_route=\/wp\/v2\/pages\/68\/revisions\/695"}],"wp:attachment":[{"href":"https:\/\/www.pfadis.at\/wp\/index.php?rest_route=%2Fwp%2Fv2%2Fmedia&parent=68"}],"curies":[{"name":"wp","href":"https:\/\/api.w.org\/{rel}","templated":true}]}}