{"id":81,"date":"2014-11-09T19:08:55","date_gmt":"2014-11-09T17:08:55","guid":{"rendered":"http:\/\/www.pfadis.at\/wp\/?page_id=81"},"modified":"2022-11-15T15:10:46","modified_gmt":"2022-11-15T13:10:46","slug":"team","status":"publish","type":"page","link":"https:\/\/www.pfadis.at\/wp\/?page_id=81","title":{"rendered":"Team"},"content":{"rendered":"<p><a href=\"https:\/\/www.pfadis.at\/wp\/wp-content\/uploads\/2022\/11\/gruppenl.jpg\"><img loading=\"lazy\" decoding=\"async\" class=\"size-full wp-image-2092\" src=\"https:\/\/www.pfadis.at\/wp\/wp-content\/uploads\/2022\/11\/gruppenl.jpg\" alt=\"\" width=\"2480\" height=\"1772\" srcset=\"https:\/\/www.pfadis.at\/wp\/wp-content\/uploads\/2022\/11\/gruppenl.jpg 2480w, https:\/\/www.pfadis.at\/wp\/wp-content\/uploads\/2022\/11\/gruppenl-300x214.jpg 300w, https:\/\/www.pfadis.at\/wp\/wp-content\/uploads\/2022\/11\/gruppenl-1024x732.jpg 1024w, https:\/\/www.pfadis.at\/wp\/wp-content\/uploads\/2022\/11\/gruppenl-768x549.jpg 768w, https:\/\/www.pfadis.at\/wp\/wp-content\/uploads\/2022\/11\/gruppenl-1536x1097.jpg 1536w, https:\/\/www.pfadis.at\/wp\/wp-content\/uploads\/2022\/11\/gruppenl-2048x1463.jpg 2048w\" sizes=\"auto, (max-width: 2480px) 100vw, 2480px\" \/><\/a><\/p>\n<h2 style=\"text-align: center;\"><strong>1. Reihe:<br \/>\n<\/strong><strong>(von links nach rechts)<\/strong><\/h2>\n<p style=\"text-align: center;\">Paul Lindorfer, Lena Wimberger, Jana Oberngruber, Elisabeth Liebletsberger, Magdalena Ruth, Viktoria Grims, Anna Schlechtl, Laura Khollar<\/p>\n<h2 style=\"text-align: center;\"><strong>2. Reihe:<\/strong><\/h2>\n<p style=\"text-align: center;\">Michael Riegebauer, Alexander Pirchl, Simone Jung, Fabian Indra, Jacob Mayer, Stefan Springer, Christoph Neum\u00fcller, Hysen Morina, Stefan Gabriel<\/p>\n<h2 style=\"text-align: center;\"><strong>3. Reihe:<\/strong><\/h2>\n<p style=\"text-align: center;\">Harald Auberger, Michael Wimberger, Doris Schweitzer, Mira Indra, Christina Jung, Lisa Lehner, Anna Mossb\u00f6ck, Helene Schweitzer, Michael Schweitzer, Andreas Mayer<\/p>\n<h2 style=\"text-align: center;\"><strong>4. Reihe:<\/strong><\/h2>\n<p>Katharina Reisinger, Maria Leitner, Lukas Starlinger, Moritz Mitter, Florian Kepplinger, Raphael Madlmayr, Michael Kepplinger, Martin Gahleitner, Johannes Hintringer<\/p>\n<h2 style=\"text-align: center;\"><strong>5. Reihe:<\/strong><\/h2>\n<p>Mathias Neissl, Simon Wundsam, Mario Peherstorfer, Michael Arnreiter, Daniel Lau\u00df, Daniel Lorenz, Mathias Neum\u00fcller, Stefan Springer<\/p>\n<h2 style=\"text-align: center;\"><strong>nicht am Bild:<\/strong><\/h2>\n<p style=\"text-align: center;\">Sabrina Hofer, Lara Maureder, Melanie Moser, Viktoria Huttegger, Richard Arnezeder, Lena Pr\u00f6ll, Celine Eder, Mirjam Hain, Laura Gruber, Jakob Hain, Heiko Stadler, Johannes St\u00fctz, Stefan Auer, Jacob Magauer, Christian M\u00fcller, Simone Gabriel, Kerstin Neissl, Hanna Oyrer, Theresa Ganser, Flora Mitter, Alexander Kneidinger, Lena Enzenhofer, Nicolas Oberngruber, Markus Lindorfer, Stephan Madlmayr, Reinhard Panhuber<\/p>\n","protected":false},"excerpt":{"rendered":"<p>1. Reihe: (von links nach rechts) Paul Lindorfer, Lena Wimberger, Jana Oberngruber, Elisabeth Liebletsberger, Magdalena Ruth, Viktoria Grims, Anna Schlechtl, Laura Khollar 2. Reihe: Michael Riegebauer, Alexander Pirchl, Simone Jung, Fabian Indra, Jacob Mayer, Stefan Springer, Christoph Neum\u00fcller, Hysen Morina, Stefan Gabriel 3. Reihe: Harald Auberger, Michael Wimberger, Doris Schweitzer, Mira Indra, Christina Jung, Lisa [&hellip;]<\/p>\n","protected":false},"author":1,"featured_media":0,"parent":79,"menu_order":4,"comment_status":"closed","ping_status":"closed","template":"","meta":{"footnotes":"","_links_to":"","_links_to_target":""},"class_list":["post-81","page","type-page","status-publish","hentry"],"_links":{"self":[{"href":"https:\/\/www.pfadis.at\/wp\/index.php?rest_route=\/wp\/v2\/pages\/81","targetHints":{"allow":["GET"]}}],"collection":[{"href":"https:\/\/www.pfadis.at\/wp\/index.php?rest_route=\/wp\/v2\/pages"}],"about":[{"href":"https:\/\/www.pfadis.at\/wp\/index.php?rest_route=\/wp\/v2\/types\/page"}],"author":[{"embeddable":true,"href":"https:\/\/www.pfadis.at\/wp\/index.php?rest_route=\/wp\/v2\/users\/1"}],"replies":[{"embeddable":true,"href":"https:\/\/www.pfadis.at\/wp\/index.php?rest_route=%2Fwp%2Fv2%2Fcomments&post=81"}],"version-history":[{"count":7,"href":"https:\/\/www.pfadis.at\/wp\/index.php?rest_route=\/wp\/v2\/pages\/81\/revisions"}],"predecessor-version":[{"id":2093,"href":"https:\/\/www.pfadis.at\/wp\/index.php?rest_route=\/wp\/v2\/pages\/81\/revisions\/2093"}],"up":[{"embeddable":true,"href":"https:\/\/www.pfadis.at\/wp\/index.php?rest_route=\/wp\/v2\/pages\/79"}],"wp:attachment":[{"href":"https:\/\/www.pfadis.at\/wp\/index.php?rest_route=%2Fwp%2Fv2%2Fmedia&parent=81"}],"curies":[{"name":"wp","href":"https:\/\/api.w.org\/{rel}","templated":true}]}}