{"id":91,"date":"2014-11-09T19:12:28","date_gmt":"2014-11-09T17:12:28","guid":{"rendered":"http:\/\/www.pfadis.at\/wp\/?page_id=91"},"modified":"2015-05-19T14:37:14","modified_gmt":"2015-05-19T12:37:14","slug":"caravelles-explorer","status":"publish","type":"page","link":"https:\/\/www.pfadis.at\/wp\/?page_id=91","title":{"rendered":"Caravelles &#038; Explorer (CaEx)"},"content":{"rendered":"<h2><b>In der ganzen Welt zu Hause sein<\/b><\/h2>\n<p><img loading=\"lazy\" decoding=\"async\" class=\"  wp-image-218 alignright\" src=\"https:\/\/www.pfadis.at\/wp\/wp-content\/uploads\/2014\/11\/caex-300x300.png\" alt=\"caex\" width=\"215\" height=\"215\" srcset=\"https:\/\/www.pfadis.at\/wp\/wp-content\/uploads\/2014\/11\/caex-300x300.png 300w, https:\/\/www.pfadis.at\/wp\/wp-content\/uploads\/2014\/11\/caex-150x150.png 150w, https:\/\/www.pfadis.at\/wp\/wp-content\/uploads\/2014\/11\/caex-160x160.png 160w, https:\/\/www.pfadis.at\/wp\/wp-content\/uploads\/2014\/11\/caex.png 531w\" sizes=\"auto, (max-width: 215px) 100vw, 215px\" \/><\/p>\n<p>Mit rund 13 Jahren werden unsere Pfadis zu CaEx \u00fcberstellt. In dieser Altersstufe bilden die M\u00e4dels und Burschen gemeinsam eine Gruppe. Sie kommen w\u00f6chentlich in die Heimstunde, au\u00dferdem werden zus\u00e4tzlich zu den allj\u00e4hrlichen Winter- und Sommerlagern Fr\u00fchjahrs- bzw. Herbstaktionen unternommen. Auf internationalen Treffen erhalten sie die Chance, interkulturelles Zusammenleben hautnah zu erfahren und andere Kulturen kennenzulernen.<\/p>\n<p>All diese Unternehmen bieten eine willkommene Abwechslung zum medien\u00fcberfluteten Alltag, er\u00f6ffnen oft auch neue Perspektiven und bleiben lange in Erinnerung. Die Caravelles (M\u00e4dchen) und Explorer (Burschen) werden bei der Planung miteinbezogen, sie bringen Vorschl\u00e4ge ein, entscheiden gemeinsam mit ihren Leitern und k\u00f6nnen so eigene Ideen in die Tat umsetzen.<\/p>\n<p>Au\u00dferdem leisten sie durch ihre Hilfe bei diversen Veranstaltungen einen wichtigen Beitrag zum Gruppenleben der Pfadfinder Rohrbach\/Berg.<\/p>\n<h2><strong>Grenzenlos<br \/>\n<\/strong><\/h2>\n<p>Caravelles und Explorer versuchen ihre Interessen zu verwirklichen. Es ist wichtig, gemeinsam mit anderen etwas bewegen zu k\u00f6nnen und Zusammengeh\u00f6rigkeit nicht nur zu Hause, sondern \u00fcber Grenzen und V\u00f6lker hinweg zu erfahren. Internationale Treffen (Jamboree), Jugendaustauschprojekte etc. .. geben den Jugendlichen die Chance, interkulturelles Zusammenleben hautnah zu erleben. \u00dcber 38 Millionen Pfadfinder weltweit erm\u00f6glichen es!<\/p>\n<h2><strong>Offen f\u00fcr Inputs<\/strong><\/h2>\n<p>Caravelles und Explorer versuchen ihre eigenen Wertvorstellungen zu finden. Dabei werden Sie von ihren Pfadfinderf\u00fchrerInnen unterst\u00fctzt, sich selbst zu erleben und nicht im Erreichten stecken zu bleiben. Sie f\u00f6rdern die Entwicklung der Jugendlichen zu Eigeninitiative und Kreativit\u00e4t. Die Jugendlichen erhalten Inputs, die Ihnen Ideen und R\u00fcckhalt f\u00fcr eigene Entscheidungen geben. Erfahrungen sollen gesammelt werden. Wer wagt, gewinnt!<\/p>\n","protected":false},"excerpt":{"rendered":"<p>In der ganzen Welt zu Hause sein Mit rund 13 Jahren werden unsere Pfadis zu CaEx \u00fcberstellt. In dieser Altersstufe bilden die M\u00e4dels und Burschen gemeinsam eine Gruppe. Sie kommen w\u00f6chentlich in die Heimstunde, au\u00dferdem werden zus\u00e4tzlich zu den allj\u00e4hrlichen Winter- und Sommerlagern Fr\u00fchjahrs- bzw. Herbstaktionen unternommen. Auf internationalen Treffen erhalten sie die Chance, interkulturelles [&hellip;]<\/p>\n","protected":false},"author":1,"featured_media":0,"parent":23,"menu_order":3,"comment_status":"closed","ping_status":"closed","template":"","meta":{"footnotes":"","_links_to":"","_links_to_target":""},"class_list":["post-91","page","type-page","status-publish","hentry"],"_links":{"self":[{"href":"https:\/\/www.pfadis.at\/wp\/index.php?rest_route=\/wp\/v2\/pages\/91","targetHints":{"allow":["GET"]}}],"collection":[{"href":"https:\/\/www.pfadis.at\/wp\/index.php?rest_route=\/wp\/v2\/pages"}],"about":[{"href":"https:\/\/www.pfadis.at\/wp\/index.php?rest_route=\/wp\/v2\/types\/page"}],"author":[{"embeddable":true,"href":"https:\/\/www.pfadis.at\/wp\/index.php?rest_route=\/wp\/v2\/users\/1"}],"replies":[{"embeddable":true,"href":"https:\/\/www.pfadis.at\/wp\/index.php?rest_route=%2Fwp%2Fv2%2Fcomments&post=91"}],"version-history":[{"count":12,"href":"https:\/\/www.pfadis.at\/wp\/index.php?rest_route=\/wp\/v2\/pages\/91\/revisions"}],"predecessor-version":[{"id":337,"href":"https:\/\/www.pfadis.at\/wp\/index.php?rest_route=\/wp\/v2\/pages\/91\/revisions\/337"}],"up":[{"embeddable":true,"href":"https:\/\/www.pfadis.at\/wp\/index.php?rest_route=\/wp\/v2\/pages\/23"}],"wp:attachment":[{"href":"https:\/\/www.pfadis.at\/wp\/index.php?rest_route=%2Fwp%2Fv2%2Fmedia&parent=91"}],"curies":[{"name":"wp","href":"https:\/\/api.w.org\/{rel}","templated":true}]}}