{"id":93,"date":"2014-11-09T19:13:08","date_gmt":"2014-11-09T17:13:08","guid":{"rendered":"http:\/\/www.pfadis.at\/wp\/?page_id=93"},"modified":"2015-08-19T18:14:22","modified_gmt":"2015-08-19T16:14:22","slug":"ranger-rover","status":"publish","type":"page","link":"https:\/\/www.pfadis.at\/wp\/?page_id=93","title":{"rendered":"Ranger &#038; Rover (RaRo)"},"content":{"rendered":"<div class=\"field field-name-field-intro field-type-text-long field-label-hidden\">\n<div class=\"field-items\">\n<div class=\"field-item even\">\n<h2>Eigenes Engagement zeigen<\/h2>\n<p>RAnger und ROver (M\u00e4dchen und Burschen 16-20 Jahre)<img loading=\"lazy\" decoding=\"async\" class=\" wp-image-212  alignright\" src=\"https:\/\/www.pfadis.at\/wp\/wp-content\/uploads\/2014\/11\/raro-300x300.png\" alt=\"raro\" width=\"200\" height=\"200\" srcset=\"https:\/\/www.pfadis.at\/wp\/wp-content\/uploads\/2014\/11\/raro-300x300.png 300w, https:\/\/www.pfadis.at\/wp\/wp-content\/uploads\/2014\/11\/raro-150x150.png 150w, https:\/\/www.pfadis.at\/wp\/wp-content\/uploads\/2014\/11\/raro-160x160.png 160w, https:\/\/www.pfadis.at\/wp\/wp-content\/uploads\/2014\/11\/raro.png 531w\" sizes=\"auto, (max-width: 200px) 100vw, 200px\" \/><\/p>\n<p>Auslandslager , internationale Freundschaften kn\u00fcpfen, selbstbestimmte Heimstunden und Lagergestaltung, Arbeit mit k\u00f6rperlich und geistig beeintr\u00e4chtigten Menschen, Ausfl\u00fcge in die unber\u00fchrte Natur, gesunde Selbsteinsch\u00e4tzung und Organisation von immer wichtigeren Aufgaben wie Lager oder anderen Gemeinschaftliche Projekten. \u2026..<\/p>\n<p>Diese und vieles mehr sind die Aufgaben und Aktivit\u00e4ten unserer RA\/RO. Sehr viel Wert wird vor allem auf die Vorbereitung auf Jugendarbeit und Steigerung der Teamf\u00e4higkeit gelegt. Aus der gro\u00dfe Gemeinschaft und dem internem Zusammenhalt entwickeln sich Freundschaften f\u00fcrs Leben.<\/p>\n<p>\u201eEinmal Pfadfinder immer Pfadfinder\u201c<\/p>\n<p>Der Neu-Einstieg zu den Pfadfindern ist selbst in diesem Alter kein Problem<\/p>\n<h2><\/h2>\n<\/div>\n<\/div>\n<\/div>\n","protected":false},"excerpt":{"rendered":"<p>Eigenes Engagement zeigen RAnger und ROver (M\u00e4dchen und Burschen 16-20 Jahre) Auslandslager , internationale Freundschaften kn\u00fcpfen, selbstbestimmte Heimstunden und Lagergestaltung, Arbeit mit k\u00f6rperlich und geistig beeintr\u00e4chtigten Menschen, Ausfl\u00fcge in die unber\u00fchrte Natur, gesunde Selbsteinsch\u00e4tzung und Organisation von immer wichtigeren Aufgaben wie Lager oder anderen Gemeinschaftliche Projekten. \u2026.. Diese und vieles mehr sind die Aufgaben und [&hellip;]<\/p>\n","protected":false},"author":1,"featured_media":0,"parent":23,"menu_order":4,"comment_status":"closed","ping_status":"closed","template":"","meta":{"footnotes":"","_links_to":"","_links_to_target":""},"class_list":["post-93","page","type-page","status-publish","hentry"],"_links":{"self":[{"href":"https:\/\/www.pfadis.at\/wp\/index.php?rest_route=\/wp\/v2\/pages\/93","targetHints":{"allow":["GET"]}}],"collection":[{"href":"https:\/\/www.pfadis.at\/wp\/index.php?rest_route=\/wp\/v2\/pages"}],"about":[{"href":"https:\/\/www.pfadis.at\/wp\/index.php?rest_route=\/wp\/v2\/types\/page"}],"author":[{"embeddable":true,"href":"https:\/\/www.pfadis.at\/wp\/index.php?rest_route=\/wp\/v2\/users\/1"}],"replies":[{"embeddable":true,"href":"https:\/\/www.pfadis.at\/wp\/index.php?rest_route=%2Fwp%2Fv2%2Fcomments&post=93"}],"version-history":[{"count":9,"href":"https:\/\/www.pfadis.at\/wp\/index.php?rest_route=\/wp\/v2\/pages\/93\/revisions"}],"predecessor-version":[{"id":448,"href":"https:\/\/www.pfadis.at\/wp\/index.php?rest_route=\/wp\/v2\/pages\/93\/revisions\/448"}],"up":[{"embeddable":true,"href":"https:\/\/www.pfadis.at\/wp\/index.php?rest_route=\/wp\/v2\/pages\/23"}],"wp:attachment":[{"href":"https:\/\/www.pfadis.at\/wp\/index.php?rest_route=%2Fwp%2Fv2%2Fmedia&parent=93"}],"curies":[{"name":"wp","href":"https:\/\/api.w.org\/{rel}","templated":true}]}}